{"id":719,"date":"2019-11-20T12:19:36","date_gmt":"2019-11-20T11:19:36","guid":{"rendered":"https:\/\/www.tenutacastelvetri.it\/?page_id=719"},"modified":"2019-11-21T10:57:08","modified_gmt":"2019-11-21T09:57:08","slug":"les-interieurs","status":"publish","type":"page","link":"https:\/\/www.tenutacastelvetri.it\/fr\/les-interieurs\/","title":{"rendered":"Les int\u00e9rieurs"},"content":{"rendered":"<p>[vc_row][vc_column][rev_slider_vc alias=\u00a0\u00bbles-int\u00e9rieurs\u00a0\u00bb][\/vc_column][\/vc_row][vc_row][vc_column][vc_zigzag css=\u00a0\u00bb.vc_custom_1553181914594{padding-top: 40px !important;padding-bottom: 40px !important;}\u00a0\u00bb][\/vc_column][\/vc_row][vc_row][vc_column][vc_column_text css=\u00a0\u00bb.vc_custom_1574248738818{padding-top: 20px !important;padding-right: 20px !important;padding-bottom: 20px !important;padding-left: 20px !important;}\u00a0\u00bb]Diff\u00e9rentes interpr\u00e9tations en pierre rustique qui s&rsquo;harmonisent avec les tons chauds du bois : le caract\u00e8re authentique de la masseria.[\/vc_column_text][\/vc_column][\/vc_row][vc_row css=\u00a0\u00bb.vc_custom_1554373242150{margin-bottom: 30px !important;padding-top: 40px !important;}\u00a0\u00bb][vc_column][dfd_simple_image_gallery module_animation=\u00a0\u00bbtransition.flipXIn\u00a0\u00bb dfd_layer_image=\u00a0\u00bb530,550,546,609,534,552,536,613,538,548,544,542,236,238&Prime; items_offset=\u00a0\u00bb10&Prime; image_width=\u00a0\u00bb900&Prime; image_height=\u00a0\u00bb600&Prime; slides_to_show=\u00a0\u00bb3&Prime; slides_to_scroll=\u00a0\u00bb1&Prime; carousel_slideshow_speed=\u00a0\u00bb3000&Prime; use_dots=\u00a0\u00bbshow\u00a0\u00bb images_style=\u00a0\u00bbcarousel\u00a0\u00bb tutorials=\u00a0\u00bb\u00a0\u00bb][\/vc_column][\/vc_row][vc_row][vc_column][dfd_button button_text=\u00a0\u00bbCONTACTEZ-NOUS POUR LES CONDITIONS DE VENTE !\u00a0\u00bb select_icon=\u00a0\u00bbdfd_icons\u00a0\u00bb border=\u00a0\u00bbborder_style:solid|border_top_width:1|border_bottom_width:1|border_left_width:1|border_right_width:1|border_radius:0|border_color:%23837158&Prime; hover_border=\u00a0\u00bbborder_style:solid|border_top_width:1|border_bottom_width:1|border_left_width:1|border_right_width:1|border_radius:0|border_color:%23f1ebe8&Prime; main_style=\u00a0\u00bbstyle-2&Prime; ic_dfd_icons=\u00a0\u00bbdfd-socicon-exclamation-sign\u00a0\u00bb undefined=\u00a0\u00bb\u00a0\u00bb text_color=\u00a0\u00bb#f1ebe8&Prime; hover_text_color=\u00a0\u00bb#837158&Prime; background=\u00a0\u00bb#837158&Prime; hover_background=\u00a0\u00bb#f1ebe8&Prime; box_shadow=\u00a0\u00bbbox_shadow_enable:disable|shadow_horizontal:0|shadow_vertical:15|shadow_blur:50|shadow_spread:0|box_shadow_color:rgba(0%2C0%2C0%2C0.35)\u00a0\u00bb hover_box_shadow=\u00a0\u00bbbox_shadow_enable:disable|shadow_horizontal:0|shadow_vertical:15|shadow_blur:50|shadow_spread:0|box_shadow_color:rgba(0%2C0%2C0%2C0.35)\u00a0\u00bb buttom_link_src=\u00a0\u00bburl:http%3A%2F%2Fwww.tenutacastelvetri.it%2Fcontatti%2F|||\u00a0\u00bb][vc_zigzag css=\u00a0\u00bb.vc_custom_1553181914594{padding-top: 40px !important;padding-bottom: 40px !important;}\u00a0\u00bb][\/vc_column][\/vc_row]<\/p>\n","protected":false},"excerpt":{"rendered":"<p>[vc_row][vc_column][rev_slider_vc alias=\u00a0\u00bbles-int\u00e9rieurs\u00a0\u00bb][\/vc_column][\/vc_row][vc_row][vc_column][vc_zigzag css=\u00a0\u00bb.vc_custom_1553181914594{padding-top: 40px !important;padding-bottom: 40px !important;}\u00a0\u00bb][\/vc_column][\/vc_row][vc_row][vc_column][vc_column_text css=\u00a0\u00bb.vc_custom_1574248738818{padding-top: 20px !important;padding-right: 20px !important;padding-bottom: 20px !important;padding-left: 20px !important;}\u00a0\u00bb]Diff\u00e9rentes interpr\u00e9tations en pierre rustique qui s&rsquo;harmonisent avec les tons chauds du bois : le<\/p>\n","protected":false},"author":1,"featured_media":0,"parent":0,"menu_order":0,"comment_status":"closed","ping_status":"closed","template":"tmp-page.php","meta":{"footnotes":""},"class_list":["post-719","page","type-page","status-publish","hentry"],"_links":{"self":[{"href":"https:\/\/www.tenutacastelvetri.it\/fr\/wp-json\/wp\/v2\/pages\/719\/"}],"collection":[{"href":"https:\/\/www.tenutacastelvetri.it\/fr\/wp-json\/wp\/v2\/pages\/"}],"about":[{"href":"https:\/\/www.tenutacastelvetri.it\/fr\/wp-json\/wp\/v2\/types\/page\/"}],"author":[{"embeddable":true,"href":"https:\/\/www.tenutacastelvetri.it\/fr\/wp-json\/wp\/v2\/users\/1\/"}],"replies":[{"embeddable":true,"href":"https:\/\/www.tenutacastelvetri.it\/fr\/wp-json\/wp\/v2\/comments\/?post=719"}],"version-history":[{"count":0,"href":"https:\/\/www.tenutacastelvetri.it\/fr\/wp-json\/wp\/v2\/pages\/719\/revisions\/"}],"wp:attachment":[{"href":"https:\/\/www.tenutacastelvetri.it\/fr\/wp-json\/wp\/v2\/media\/?parent=719"}],"curies":[{"name":"wp","href":"https:\/\/api.w.org\/{rel}","templated":true}]}}