{"id":741,"date":"2019-11-20T12:37:42","date_gmt":"2019-11-20T11:37:42","guid":{"rendered":"https:\/\/www.tenutacastelvetri.it\/?page_id=741"},"modified":"2019-11-21T15:00:46","modified_gmt":"2019-11-21T14:00:46","slug":"la-propriete","status":"publish","type":"page","link":"https:\/\/www.tenutacastelvetri.it\/fr\/la-propriete\/","title":{"rendered":"La propri\u00e9t\u00e9"},"content":{"rendered":"<p>[vc_row][vc_column][rev_slider_vc alias=\u00a0\u00bbla-propriete\u00a0\u00bb][\/vc_column][\/vc_row][vc_row][vc_column][vc_zigzag css=\u00a0\u00bb.vc_custom_1553181914594{padding-top: 40px !important;padding-bottom: 40px !important;}\u00a0\u00bb][\/vc_column][\/vc_row][vc_row][vc_column][vc_column_text css=\u00a0\u00bb.vc_custom_1574344843223{padding-top: 20px !important;padding-right: 20px !important;padding-bottom: 20px !important;padding-left: 20px !important;}\u00a0\u00bb]\u00c0 seulement 5 km de la ville principale salentine, <strong>Tenuta Castelvetri<\/strong> s&rsquo;\u00e9tend sur 32 000 m\u00e8tres carr\u00e9s et comprend des structures de logement et r\u00e9cr\u00e9atives parfaitement int\u00e9gr\u00e9es au contexte rural de la Masseria.<\/p>\n<p>Au total il y a :<br \/>\n\u2022 22 pi\u00e8ces<br \/>\n\u2022 8 chambres \u00e0 coucher<br \/>\n\u2022 8 salles de bain<br \/>\n\u2022 5 kitchenettes<br \/>\n\u2022 1 potager<br \/>\n\u2022 1 piscine<\/p>\n<p>Le projet esth\u00e9tique de la structure vise \u00e0 proposer \u00e0 nouveau les ic\u00f4nes stylistiques qui caract\u00e9risent l\u2019ensemble du territoire de Salento: l\u2019organisation du <strong>corps principal<\/strong>, par exemple, rappelle celle des anciennes masserie fortifi\u00e9es, ainsi que les <strong>tours<\/strong> des unit\u00e9s de logement \u00e9voquent les avant-postes d&rsquo;observation dispers\u00e9s sur toute la c\u00f4te et les <strong>d\u00e9pendances<\/strong> \u00e9voquent le pajaro, construction rurale typique r\u00e9alis\u00e9e avec la technique des pierres s\u00e8ches.<\/p>\n<p>La grande <strong>cour int\u00e9rieure<\/strong> est orn\u00e9e d&rsquo;une pergola en pierre et en planches de bois qui, dans la forme, la position et la fonctionnalit\u00e9, rappelle l&rsquo;architecture des clo\u00eetres int\u00e9rieurs baroques et offre un espace ombrag\u00e9 sous laquelle on peut admirer le panorama environnant.<\/p>\n<p>Dans un alignement parfait avec la vocation initiale de ce type de construction, une zone utilis\u00e9e pour la culture a \u00e9t\u00e9 am\u00e9nag\u00e9e derri\u00e8re l&rsquo;unit\u00e9 centrale : d\u00e9limit\u00e9 par un petit mur en pierre s\u00e8che, le <strong>potager<\/strong> est \u00e9quip\u00e9 de services (y compris l&rsquo;acc\u00e8s \u00e0 l\u2019eau et un r\u00e9servoir de compostage) utiles \u00e0 l\u2019activit\u00e9, permettant ainsi de satisfaire les besoins de la structure.<\/p>\n<p>De plus, <strong>les murs d&rsquo;enceinte<\/strong> sont parsem\u00e9s de petites fontaines qui, tous les 10 m\u00e8tres, garantissent un acc\u00e8s pratique \u00e0 l&rsquo;eau courante et sont absolument potables\u00a0; de plus, dans l&rsquo;obscurit\u00e9, tout s&rsquo;\u00e9claire d&rsquo;une nouvelle lumi\u00e8re gr\u00e2ce au syst\u00e8me d&rsquo;\u00e9clairage int\u00e9gr\u00e9 dans les murs secs.<\/p>\n<p>Enfin, deux services tr\u00e8s importants sont les dotations d&rsquo;un <strong>r\u00e9servoir de GPL<\/strong> compl\u00e8tement enterr\u00e9 et d&rsquo;un <strong>syst\u00e8me de d\u00e9sinfection de l&rsquo;eau<\/strong> par UV qui garantit une <strong>purification parfaite de l&rsquo;eau<\/strong> et une utilisation en toute s\u00e9curit\u00e9.[\/vc_column_text][\/vc_column][\/vc_row][vc_row css=\u00a0\u00bb.vc_custom_1553184371439{padding-top: 40px !important;}\u00a0\u00bb][vc_column css=\u00a0\u00bb.vc_custom_1554371786310{margin-bottom: 30px !important;}\u00a0\u00bb col_shadow=\u00a0\u00bbbox_shadow_enable:disable|shadow_horizontal:0|shadow_vertical:15|shadow_blur:50|shadow_spread:0|box_shadow_color:rgba(0%2C0%2C0%2C0.35)\u00a0\u00bb col_shadow_hover=\u00a0\u00bbbox_shadow_enable:disable|shadow_horizontal:0|shadow_vertical:15|shadow_blur:50|shadow_spread:0|box_shadow_color:rgba(0%2C0%2C0%2C0.35)\u00a0\u00bb][dfd_simple_image_gallery module_animation=\u00a0\u00bbtransition.flipXIn\u00a0\u00bb dfd_layer_image=\u00a0\u00bb525,523,195,191,519,517,513,162,189,187,185,300,509,515,179,171,173,175,501,503,89,181,507,505,527,521&Prime; items_offset=\u00a0\u00bb10&Prime; image_width=\u00a0\u00bb900&Prime; image_height=\u00a0\u00bb600&Prime; slides_to_show=\u00a0\u00bb3&Prime; slides_to_scroll=\u00a0\u00bb1&Prime; carousel_slideshow_speed=\u00a0\u00bb3000&Prime; use_dots=\u00a0\u00bbshow\u00a0\u00bb images_style=\u00a0\u00bbcarousel\u00a0\u00bb][\/vc_column][\/vc_row][vc_row][vc_column][dfd_button button_text=\u00a0\u00bbCONTACTEZ-NOUS POUR LES CONDITIONS DE VENTE !\u00a0\u00bb select_icon=\u00a0\u00bbdfd_icons\u00a0\u00bb border=\u00a0\u00bbborder_style:solid|border_top_width:1|border_bottom_width:1|border_left_width:1|border_right_width:1|border_radius:0|border_color:%23ffffff\u00a0\u00bb hover_border=\u00a0\u00bbborder_style:solid|border_radius:0|border_color:%23f1ebe8&Prime; main_style=\u00a0\u00bbstyle-2&Prime; ic_dfd_icons=\u00a0\u00bbdfd-socicon-exclamation-sign\u00a0\u00bb undefined=\u00a0\u00bb\u00a0\u00bb hover_text_color=\u00a0\u00bb#837158&Prime; background=\u00a0\u00bb#837158&Prime; hover_background=\u00a0\u00bb#f1ebe8&Prime; box_shadow=\u00a0\u00bbbox_shadow_enable:disable|shadow_horizontal:0|shadow_vertical:15|shadow_blur:50|shadow_spread:0|box_shadow_color:rgba(0%2C0%2C0%2C0.35)\u00a0\u00bb hover_box_shadow=\u00a0\u00bbbox_shadow_enable:disable|shadow_horizontal:0|shadow_vertical:15|shadow_blur:50|shadow_spread:0|box_shadow_color:rgba(0%2C0%2C0%2C0.35)\u00a0\u00bb buttom_link_src=\u00a0\u00bburl:http%3A%2F%2Fwww.tenutacastelvetri.it%2Fcontatti%2F|title:Contattaci||\u00a0\u00bb title_font_options=\u00a0\u00bbfont_style_bold:1&Prime;][vc_zigzag css=\u00a0\u00bb.vc_custom_1554371757941{padding-top: 40px !important;padding-bottom: 40px !important;}\u00a0\u00bb][\/vc_column][\/vc_row][vc_row][vc_column][vc_column_text][\/vc_column_text][\/vc_column][\/vc_row]<\/p>\n","protected":false},"excerpt":{"rendered":"<p>[vc_row][vc_column][rev_slider_vc alias=\u00a0\u00bbla-propriete\u00a0\u00bb][\/vc_column][\/vc_row][vc_row][vc_column][vc_zigzag css=\u00a0\u00bb.vc_custom_1553181914594{padding-top: 40px !important;padding-bottom: 40px !important;}\u00a0\u00bb][\/vc_column][\/vc_row][vc_row][vc_column][vc_column_text css=\u00a0\u00bb.vc_custom_1574344843223{padding-top: 20px !important;padding-right: 20px !important;padding-bottom: 20px !important;padding-left: 20px !important;}\u00a0\u00bb]\u00c0 seulement 5 km de la ville principale salentine, Tenuta Castelvetri s&rsquo;\u00e9tend sur 32 000<\/p>\n","protected":false},"author":1,"featured_media":0,"parent":0,"menu_order":0,"comment_status":"closed","ping_status":"closed","template":"tmp-page.php","meta":{"footnotes":""},"class_list":["post-741","page","type-page","status-publish","hentry"],"_links":{"self":[{"href":"https:\/\/www.tenutacastelvetri.it\/fr\/wp-json\/wp\/v2\/pages\/741\/"}],"collection":[{"href":"https:\/\/www.tenutacastelvetri.it\/fr\/wp-json\/wp\/v2\/pages\/"}],"about":[{"href":"https:\/\/www.tenutacastelvetri.it\/fr\/wp-json\/wp\/v2\/types\/page\/"}],"author":[{"embeddable":true,"href":"https:\/\/www.tenutacastelvetri.it\/fr\/wp-json\/wp\/v2\/users\/1\/"}],"replies":[{"embeddable":true,"href":"https:\/\/www.tenutacastelvetri.it\/fr\/wp-json\/wp\/v2\/comments\/?post=741"}],"version-history":[{"count":0,"href":"https:\/\/www.tenutacastelvetri.it\/fr\/wp-json\/wp\/v2\/pages\/741\/revisions\/"}],"wp:attachment":[{"href":"https:\/\/www.tenutacastelvetri.it\/fr\/wp-json\/wp\/v2\/media\/?parent=741"}],"curies":[{"name":"wp","href":"https:\/\/api.w.org\/{rel}","templated":true}]}}