{"id":792,"date":"2019-11-21T10:01:24","date_gmt":"2019-11-21T09:01:24","guid":{"rendered":"https:\/\/www.tenutacastelvetri.it\/?page_id=792"},"modified":"2019-11-21T10:01:24","modified_gmt":"2019-11-21T09:01:24","slug":"les-materiaux","status":"publish","type":"page","link":"https:\/\/www.tenutacastelvetri.it\/fr\/les-materiaux\/","title":{"rendered":"Les materiaux"},"content":{"rendered":"<p>[vc_row][vc_column][rev_slider_vc alias=\u00a0\u00bbles-materiaux\u00a0\u00bb][\/vc_column][\/vc_row][vc_row][vc_column][vc_zigzag css=\u00a0\u00bb.vc_custom_1553181914594{padding-top: 40px !important;padding-bottom: 40px !important;}\u00a0\u00bb][\/vc_column][\/vc_row][vc_row][vc_column][vc_column_text css=\u00a0\u00bb.vc_custom_1574326882131{padding-top: 20px !important;padding-right: 20px !important;padding-bottom: 20px !important;padding-left: 20px !important;}\u00a0\u00bb]Chaque \u00e9l\u00e9ment architectural de Tenuta Castelvetri a \u00e9t\u00e9 cr\u00e9\u00e9 avec les meilleurs mat\u00e9riaux de construction, choisis intentionnellement parmi les excellences offertes par le territoire. Mais c\u2019est dans les moindres d\u00e9tails que les interpr\u00e9tations artisanales prennent vie et deviennent la voix de Tenuta Castelvetri.<\/p>\n<p>&nbsp;<\/p>\n<p><strong>Pierre de Lecce et Carparo<\/strong><br \/>\nTous les murs int\u00e9rieurs et p\u00e9rim\u00e9traux sont r\u00e9alis\u00e9s strictement selon les techniques de construction traditionnelles, avec un corps en pierre de Lecce et une finition de surface en carparo.<\/p>\n<p><strong>Bois<\/strong><br \/>\nLes accessoires en bois ont \u00e9t\u00e9 fortement souhait\u00e9s pour apporter toute la chaleur et le caract\u00e8re de la campagne du Salento \u00e0 l&rsquo;int\u00e9rieur et pour ramener \u00e0 nos jours le concret de la tradition rurale.<\/p>\n<p><strong>Fer forg\u00e9<\/strong><br \/>\nLa structure de soutien et les \u00e9l\u00e9ments d\u00e9coratifs des portails, des barreaux et des balustrades sont une expression de la solidit\u00e9 et de l&rsquo;\u00e9l\u00e9gance essentielle.<\/p>\n<p><strong>Marbre<\/strong><br \/>\nLe marbre a \u00e9t\u00e9 choisi pour la construction des blocs de jonction des goutti\u00e8res : l&rsquo;utilisation d&rsquo;un mat\u00e9riau aussi pr\u00e9cieux pour un d\u00e9tail parmi les plus sous-estim\u00e9s et les moins valoris\u00e9s, rend les tuyaux de descente de v\u00e9ritables \u00e9l\u00e9ments de d\u00e9coration de grande efficacit\u00e9 et d\u2019impact esth\u00e9tique.<\/p>\n<p><strong>Laiton<\/strong><br \/>\nTant \u00e0 l&rsquo;int\u00e9rieur comme \u00e0 l&rsquo;ext\u00e9rieur, toutes les robinetteries sont enti\u00e8rement en laiton, en parfaite harmonie avec la recherche de la plus haute qualit\u00e9 et du go\u00fbt authentique et raffin\u00e9 poursuivi par le design de la structure.[\/vc_column_text][\/vc_column][\/vc_row][vc_row css=\u00a0\u00bb.vc_custom_1554373416037{margin-bottom: 30px !important;padding-top: 40px !important;}\u00a0\u00bb][vc_column][dfd_simple_image_gallery module_animation=\u00a0\u00bbtransition.flipXIn\u00a0\u00bb dfd_layer_image=\u00a0\u00bb605,191,601,597,589,591,593,595,599,587,603,585,583&Prime; items_offset=\u00a0\u00bb10&Prime; image_width=\u00a0\u00bb900&Prime; image_height=\u00a0\u00bb600&Prime; slides_to_show=\u00a0\u00bb3&Prime; slides_to_scroll=\u00a0\u00bb1&Prime; carousel_slideshow_speed=\u00a0\u00bb3000&Prime; use_dots=\u00a0\u00bbshow\u00a0\u00bb images_style=\u00a0\u00bbcarousel\u00a0\u00bb][\/vc_column][\/vc_row][vc_row][vc_column][dfd_button button_text=\u00a0\u00bbCONTACTEZ-NOUS POUR LES CONDITIONS DE VENTE !\u00a0\u00bb select_icon=\u00a0\u00bbdfd_icons\u00a0\u00bb border=\u00a0\u00bbborder_style:solid|border_top_width:1|border_bottom_width:1|border_left_width:1|border_right_width:1|border_radius:0|border_color:%23837158&Prime; hover_border=\u00a0\u00bbborder_style:solid|border_top_width:1|border_bottom_width:1|border_left_width:1|border_right_width:1|border_radius:0|border_color:%23f1ebe8&Prime; main_style=\u00a0\u00bbstyle-2&Prime; buttom_link_src=\u00a0\u00bburl:http%3A%2F%2Fwww.tenutacastelvetri.it%2Fcontatti%2F|title:Contattaci||\u00a0\u00bb ic_dfd_icons=\u00a0\u00bbdfd-socicon-exclamation-sign\u00a0\u00bb undefined=\u00a0\u00bb\u00a0\u00bb text_color=\u00a0\u00bb#f1ebe8&Prime; hover_text_color=\u00a0\u00bb#837158&Prime; background=\u00a0\u00bb#837158&Prime; hover_background=\u00a0\u00bb#f1ebe8&Prime; box_shadow=\u00a0\u00bbbox_shadow_enable:disable|shadow_horizontal:0|shadow_vertical:15|shadow_blur:50|shadow_spread:0|box_shadow_color:rgba(0%2C0%2C0%2C0.35)\u00a0\u00bb hover_box_shadow=\u00a0\u00bbbox_shadow_enable:disable|shadow_horizontal:0|shadow_vertical:15|shadow_blur:50|shadow_spread:0|box_shadow_color:rgba(0%2C0%2C0%2C0.35)\u00a0\u00bb][vc_zigzag css=\u00a0\u00bb.vc_custom_1554373540982{padding-top: 35px !important;padding-bottom: 40px !important;}\u00a0\u00bb][\/vc_column][\/vc_row]<\/p>\n","protected":false},"excerpt":{"rendered":"<p>[vc_row][vc_column][rev_slider_vc alias=\u00a0\u00bbles-materiaux\u00a0\u00bb][\/vc_column][\/vc_row][vc_row][vc_column][vc_zigzag css=\u00a0\u00bb.vc_custom_1553181914594{padding-top: 40px !important;padding-bottom: 40px !important;}\u00a0\u00bb][\/vc_column][\/vc_row][vc_row][vc_column][vc_column_text css=\u00a0\u00bb.vc_custom_1574326882131{padding-top: 20px !important;padding-right: 20px !important;padding-bottom: 20px !important;padding-left: 20px !important;}\u00a0\u00bb]Chaque \u00e9l\u00e9ment architectural de Tenuta Castelvetri a \u00e9t\u00e9 cr\u00e9\u00e9 avec les meilleurs mat\u00e9riaux de construction,<\/p>\n","protected":false},"author":1,"featured_media":0,"parent":0,"menu_order":0,"comment_status":"closed","ping_status":"closed","template":"tmp-page.php","meta":{"footnotes":""},"class_list":["post-792","page","type-page","status-publish","hentry"],"_links":{"self":[{"href":"https:\/\/www.tenutacastelvetri.it\/fr\/wp-json\/wp\/v2\/pages\/792\/"}],"collection":[{"href":"https:\/\/www.tenutacastelvetri.it\/fr\/wp-json\/wp\/v2\/pages\/"}],"about":[{"href":"https:\/\/www.tenutacastelvetri.it\/fr\/wp-json\/wp\/v2\/types\/page\/"}],"author":[{"embeddable":true,"href":"https:\/\/www.tenutacastelvetri.it\/fr\/wp-json\/wp\/v2\/users\/1\/"}],"replies":[{"embeddable":true,"href":"https:\/\/www.tenutacastelvetri.it\/fr\/wp-json\/wp\/v2\/comments\/?post=792"}],"version-history":[{"count":0,"href":"https:\/\/www.tenutacastelvetri.it\/fr\/wp-json\/wp\/v2\/pages\/792\/revisions\/"}],"wp:attachment":[{"href":"https:\/\/www.tenutacastelvetri.it\/fr\/wp-json\/wp\/v2\/media\/?parent=792"}],"curies":[{"name":"wp","href":"https:\/\/api.w.org\/{rel}","templated":true}]}}