{"id":822,"date":"2019-11-21T10:57:22","date_gmt":"2019-11-21T09:57:22","guid":{"rendered":"https:\/\/www.tenutacastelvetri.it\/?page_id=822"},"modified":"2019-11-21T10:57:22","modified_gmt":"2019-11-21T09:57:22","slug":"les-unites","status":"publish","type":"page","link":"https:\/\/www.tenutacastelvetri.it\/fr\/les-unites\/","title":{"rendered":"Les unit\u00e9s"},"content":{"rendered":"<p>[vc_row][vc_column][rev_slider_vc alias=\u00a0\u00bbles-unit\u00e9s\u00a0\u00bb][\/vc_column][\/vc_row][vc_row][vc_column][vc_zigzag css=\u00a0\u00bb.vc_custom_1553181914594{padding-top: 40px !important;padding-bottom: 40px !important;}\u00a0\u00bb][\/vc_column][\/vc_row][vc_row][vc_column][vc_column_text css=\u00a0\u00bb.vc_custom_1574259404750{padding-top: 20px !important;padding-right: 20px !important;padding-bottom: 20px !important;padding-left: 20px !important;}\u00a0\u00bb]<strong>Le corps central<\/strong><\/p>\n<p>D\u00e9velopp\u00e9 sur deux \u00e9tages, le corps central abrite 4 unit\u00e9s d&rsquo;habitation et d&rsquo;autres zones de services.<\/p>\n<p>Au rez-de-chauss\u00e9e, il y a une chambre \u00e0 coucher, \u00e9quip\u00e9e \u00e0 l&rsquo;int\u00e9rieur d&rsquo;une salle de bains spacieuse, et la chambre principale avec une grande salle de bains et un dressing. Pour compl\u00e9ter les chambres \u00e0 coucher, dans les pi\u00e8ces annexes du rez-de-chauss\u00e9e, il y a une grande cuisine enti\u00e8rement en ma\u00e7onnerie, avec compartiments et \u00e9lectrom\u00e9nagers encastr\u00e9s parfaitement int\u00e9gr\u00e9s dans la conception de la pierre et du bois utilis\u00e9s pour les surfaces. De l\u00e0, on entre \u00e9galement dans la salle \u00e0 manger et le grand hall central, d&rsquo;excellents espaces pouvant servir d&rsquo;espaces communs pour des activit\u00e9s de loisirs et d&rsquo;accueil ; enfin, le salon donne sur la cour arri\u00e8re, compl\u00e8tement entour\u00e9 de murs d&rsquo;enceinte et enrichi par un porche \u00e0 poutres apparentes : le toit est con\u00e7u pour l&rsquo;installation de panneaux photovolta\u00efques, utiles pour garantir \u00e0 la structure une forme d&rsquo;autosuffisance \u00e9nerg\u00e9tique.<br \/>\nEnfin \u2013 et ce n\u2019est pas l\u2019aspect le moins important -, les avantages repr\u00e9sent\u00e9s par une salle de bains ind\u00e9pendante suppl\u00e9mentaire, la buanderie et la grande pi\u00e8ce de rangement.<\/p>\n<p>\u00c0 l&rsquo;ext\u00e9rieur, au contraire, deux escaliers m\u00e8nent \u00e0 l&rsquo;\u00e9tage sup\u00e9rieur et aux deux appartements. Ceux-ci, parfaitement en phase avec le style de construction du b\u00e2timent, disposent d&rsquo;une chambre \u00e0 coucher, d&rsquo;une salle de bain, d&rsquo;une kitchenette \u00e9quip\u00e9e et d&rsquo;une terrasse ind\u00e9pendante.<\/p>\n<p>&nbsp;<\/p>\n<p><strong>Corps des tours<\/strong><br \/>\nSitu\u00e9 \u00e0 l&rsquo;oppos\u00e9 de l&rsquo;\u00e9difice patronal, le corps des tours est flanqu\u00e9 de deux unit\u00e9s de logement autonomes, chacune \u00e9quip\u00e9e d&rsquo;une chambre spacieuse, d&rsquo;une salle de bains et d&rsquo;une kitchenette.<br \/>\nLes tours, positionn\u00e9es sur les deux c\u00f4t\u00e9s et finement r\u00e9alis\u00e9s en pierre, sont caract\u00e9ris\u00e9es par des arches qui, selon le d\u00e9sir et la n\u00e9cessit\u00e9, peuvent \u00eatre ferm\u00e9s avec un syst\u00e8me de couvertures en verre. Aussi \u00e0 l&rsquo;ext\u00e9rieur il y a des pr\u00e9dispositions pour une kitchenette \u00e9quip\u00e9e.<\/p>\n<p>&nbsp;<\/p>\n<p><strong>Les d\u00e9pendances<\/strong><br \/>\nRespectivement \u00e0 l&rsquo;est et \u00e0 l&rsquo;ouest de la cour principale, les d\u00e9pendances abritent une grande chambre \u00e0 coucher, une kitchenette et une salle de bain confortable.<br \/>\nExt\u00e9rieurement, le gaz\u00e9bo semi-p\u00e9rim\u00e9trique s&rsquo;av\u00e8re \u00eatre un polyvalent d\u00e9sengagement qui se pr\u00eate \u00e0 la fois \u00e0 une kitchenette et \u00e0 un espace de stationnement, \u00e9vitant ainsi de le soumettre \u00e0 une exposition prolong\u00e9e au soleil.[\/vc_column_text][\/vc_column][\/vc_row][vc_row css=\u00a0\u00bb.vc_custom_1554375462415{margin-bottom: 30px !important;padding-top: 40px !important;}\u00a0\u00bb][vc_column][dfd_simple_image_gallery module_animation=\u00a0\u00bbtransition.flipXIn\u00a0\u00bb dfd_layer_image=\u00a0\u00bb282,258,280,272,264,557,559,555,565,561,268,274,278,284,217,262,286,276,563&Prime; items_offset=\u00a0\u00bb10&Prime; image_width=\u00a0\u00bb900&Prime; image_height=\u00a0\u00bb600&Prime; slides_to_show=\u00a0\u00bb3&Prime; slides_to_scroll=\u00a0\u00bb1&Prime; carousel_slideshow_speed=\u00a0\u00bb3000&Prime; use_dots=\u00a0\u00bbshow\u00a0\u00bb images_style=\u00a0\u00bbcarousel\u00a0\u00bb][\/vc_column][\/vc_row][vc_row][vc_column][dfd_button button_text=\u00a0\u00bbCONTACTEZ-NOUS POUR LES CONDITIONS DE VENTE !\u00a0\u00bb select_icon=\u00a0\u00bbdfd_icons\u00a0\u00bb border=\u00a0\u00bbborder_style:solid|border_top_width:1|border_bottom_width:1|border_left_width:1|border_right_width:1|border_radius:0|border_color:%23837158&Prime; hover_border=\u00a0\u00bbborder_style:solid|border_top_width:1|border_bottom_width:1|border_left_width:1|border_right_width:1|border_radius:0|border_color:%23f1ebe8&Prime; main_style=\u00a0\u00bbstyle-2&Prime; buttom_link_src=\u00a0\u00bburl:http%3A%2F%2Fwww.tenutacastelvetri.it%2Fcontatti%2F|title:Contattaci||\u00a0\u00bb ic_dfd_icons=\u00a0\u00bbdfd-socicon-exclamation-sign\u00a0\u00bb undefined=\u00a0\u00bb\u00a0\u00bb text_color=\u00a0\u00bb#f1ebe8&Prime; hover_text_color=\u00a0\u00bb#837158&Prime; background=\u00a0\u00bb#837158&Prime; hover_background=\u00a0\u00bb#f1ebe8&Prime; box_shadow=\u00a0\u00bbbox_shadow_enable:disable|shadow_horizontal:0|shadow_vertical:15|shadow_blur:50|shadow_spread:0|box_shadow_color:rgba(0%2C0%2C0%2C0.35)\u00a0\u00bb hover_box_shadow=\u00a0\u00bbbox_shadow_enable:disable|shadow_horizontal:0|shadow_vertical:15|shadow_blur:50|shadow_spread:0|box_shadow_color:rgba(0%2C0%2C0%2C0.35)\u00a0\u00bb][vc_zigzag css=\u00a0\u00bb.vc_custom_1554375451936{padding-top: 30px !important;padding-bottom: 40px !important;}\u00a0\u00bb][\/vc_column][\/vc_row]<\/p>\n","protected":false},"excerpt":{"rendered":"<p>[vc_row][vc_column][rev_slider_vc alias=\u00a0\u00bbles-unit\u00e9s\u00a0\u00bb][\/vc_column][\/vc_row][vc_row][vc_column][vc_zigzag css=\u00a0\u00bb.vc_custom_1553181914594{padding-top: 40px !important;padding-bottom: 40px !important;}\u00a0\u00bb][\/vc_column][\/vc_row][vc_row][vc_column][vc_column_text css=\u00a0\u00bb.vc_custom_1574259404750{padding-top: 20px !important;padding-right: 20px !important;padding-bottom: 20px !important;padding-left: 20px !important;}\u00a0\u00bb]Le corps central D\u00e9velopp\u00e9 sur deux \u00e9tages, le corps central abrite 4 unit\u00e9s d&rsquo;habitation et<\/p>\n","protected":false},"author":1,"featured_media":0,"parent":0,"menu_order":0,"comment_status":"closed","ping_status":"closed","template":"tmp-page.php","meta":{"footnotes":""},"class_list":["post-822","page","type-page","status-publish","hentry"],"_links":{"self":[{"href":"https:\/\/www.tenutacastelvetri.it\/fr\/wp-json\/wp\/v2\/pages\/822\/"}],"collection":[{"href":"https:\/\/www.tenutacastelvetri.it\/fr\/wp-json\/wp\/v2\/pages\/"}],"about":[{"href":"https:\/\/www.tenutacastelvetri.it\/fr\/wp-json\/wp\/v2\/types\/page\/"}],"author":[{"embeddable":true,"href":"https:\/\/www.tenutacastelvetri.it\/fr\/wp-json\/wp\/v2\/users\/1\/"}],"replies":[{"embeddable":true,"href":"https:\/\/www.tenutacastelvetri.it\/fr\/wp-json\/wp\/v2\/comments\/?post=822"}],"version-history":[{"count":0,"href":"https:\/\/www.tenutacastelvetri.it\/fr\/wp-json\/wp\/v2\/pages\/822\/revisions\/"}],"wp:attachment":[{"href":"https:\/\/www.tenutacastelvetri.it\/fr\/wp-json\/wp\/v2\/media\/?parent=822"}],"curies":[{"name":"wp","href":"https:\/\/api.w.org\/{rel}","templated":true}]}}