{"id":839,"date":"2019-11-21T10:56:22","date_gmt":"2019-11-21T09:56:22","guid":{"rendered":"https:\/\/www.tenutacastelvetri.it\/?page_id=839"},"modified":"2019-11-21T10:56:22","modified_gmt":"2019-11-21T09:56:22","slug":"la-piscine","status":"publish","type":"page","link":"https:\/\/www.tenutacastelvetri.it\/fr\/la-piscine\/","title":{"rendered":"La piscine"},"content":{"rendered":"<p>[vc_row][vc_column][rev_slider_vc alias=\u00a0\u00bbla-piscine\u00a0\u00bb][\/vc_column][\/vc_row][vc_row][vc_column][vc_zigzag css=\u00a0\u00bb.vc_custom_1553181914594{padding-top: 40px !important;padding-bottom: 40px !important;}\u00a0\u00bb][\/vc_column][\/vc_row][vc_row][vc_column][vc_column_text css=\u00a0\u00bb.vc_custom_1574259990933{padding-top: 20px !important;padding-right: 20px !important;padding-bottom: 20px !important;padding-left: 20px !important;}\u00a0\u00bb]Juste \u00e0 l&rsquo;ouest du bloc principal, l\u00e9g\u00e8rement isol\u00e9e, la <strong>piscine<\/strong> est l&rsquo;endroit id\u00e9al pour profiter des longues et chaudes journ\u00e9es d&rsquo;\u00e9t\u00e9.<br \/>\nTout autour de la piscine \u00e0 d\u00e9bordement, il y a 4 grands gaz\u00e9bos en ma\u00e7onnerie qui, gr\u00e2ce \u00e0 la couverture de poutres en bois, constituent un <strong>espace de d\u00e9tente<\/strong> id\u00e9al. Dans celui situ\u00e9 du c\u00f4t\u00e9 est, il y a l&rsquo;espace de maintenance o\u00f9 il est possible d&rsquo;acc\u00e9der aux syst\u00e8mes de circulation et de purification de l&rsquo;eau.<br \/>\n\u00c0 proximit\u00e9 imm\u00e9diate des marches d&rsquo;acc\u00e8s \u00e0 la piscine, un mur de pierres s\u00e8ches d\u00e9limite la zone \u00e9quip\u00e9e de <strong>douches et de fontaines pour le lavage des pieds<\/strong> pour le nettoyage avant et apr\u00e8s la baignade.<br \/>\nPouvant donc se vanter d&rsquo;une piscine de 25 m\u00e8tres de long, Tenuta Castelvetri est incluse de plein droit dans la cat\u00e9gorie des masserie avec <strong>piscine semi-olympique<\/strong>.[\/vc_column_text][\/vc_column][\/vc_row][vc_row css=\u00a0\u00bb.vc_custom_1554374927174{margin-bottom: 30px !important;padding-top: 40px !important;}\u00a0\u00bb][vc_column][dfd_simple_image_gallery module_animation=\u00a0\u00bbtransition.flipXIn\u00a0\u00bb dfd_layer_image=\u00a0\u00bb294,296,290,292,572,580,578,574,576,570,568&Prime; items_offset=\u00a0\u00bb10&Prime; image_width=\u00a0\u00bb900&Prime; image_height=\u00a0\u00bb600&Prime; slides_to_show=\u00a0\u00bb3&Prime; slides_to_scroll=\u00a0\u00bb1&Prime; carousel_slideshow_speed=\u00a0\u00bb3000&Prime; use_dots=\u00a0\u00bbshow\u00a0\u00bb images_style=\u00a0\u00bbcarousel\u00a0\u00bb][\/vc_column][\/vc_row][vc_row][vc_column][dfd_button button_text=\u00a0\u00bbCONTACTEZ-NOUS POUR LES CONDITIONS DE VENTE !\u00a0\u00bb select_icon=\u00a0\u00bbdfd_icons\u00a0\u00bb border=\u00a0\u00bbborder_style:solid|border_radius:0|border_color:%23837158&Prime; hover_border=\u00a0\u00bbborder_style:solid|border_top_width:1|border_bottom_width:1|border_left_width:1|border_right_width:1|border_radius:0|border_color:%23f1ebe8&Prime; main_style=\u00a0\u00bbstyle-2&Prime; undefined=\u00a0\u00bb\u00a0\u00bb text_color=\u00a0\u00bb#f1ebe8&Prime; hover_text_color=\u00a0\u00bb#837158&Prime; background=\u00a0\u00bb#837158&Prime; hover_background=\u00a0\u00bb#f1ebe8&Prime; box_shadow=\u00a0\u00bbbox_shadow_enable:disable|shadow_horizontal:0|shadow_vertical:15|shadow_blur:50|shadow_spread:0|box_shadow_color:rgba(0%2C0%2C0%2C0.35)\u00a0\u00bb hover_box_shadow=\u00a0\u00bbbox_shadow_enable:disable|shadow_horizontal:0|shadow_vertical:15|shadow_blur:50|shadow_spread:0|box_shadow_color:rgba(0%2C0%2C0%2C0.35)\u00a0\u00bb buttom_link_src=\u00a0\u00bburl:http%3A%2F%2Fwww.tenutacastelvetri.it%2Fcontatti%2F|title:Contattaci||\u00a0\u00bb ic_dfd_icons=\u00a0\u00bbdfd-socicon-exclamation-sign\u00a0\u00bb tutorials=\u00a0\u00bb\u00a0\u00bb][vc_zigzag css=\u00a0\u00bb.vc_custom_1554374957937{padding-top: 30px !important;padding-bottom: 40px !important;}\u00a0\u00bb][\/vc_column][\/vc_row]<\/p>\n","protected":false},"excerpt":{"rendered":"<p>[vc_row][vc_column][rev_slider_vc alias=\u00a0\u00bbla-piscine\u00a0\u00bb][\/vc_column][\/vc_row][vc_row][vc_column][vc_zigzag css=\u00a0\u00bb.vc_custom_1553181914594{padding-top: 40px !important;padding-bottom: 40px !important;}\u00a0\u00bb][\/vc_column][\/vc_row][vc_row][vc_column][vc_column_text css=\u00a0\u00bb.vc_custom_1574259990933{padding-top: 20px !important;padding-right: 20px !important;padding-bottom: 20px !important;padding-left: 20px !important;}\u00a0\u00bb]Juste \u00e0 l&rsquo;ouest du bloc principal, l\u00e9g\u00e8rement isol\u00e9e, la piscine est l&rsquo;endroit id\u00e9al pour profiter<\/p>\n","protected":false},"author":1,"featured_media":0,"parent":0,"menu_order":0,"comment_status":"closed","ping_status":"closed","template":"tmp-page.php","meta":{"footnotes":""},"class_list":["post-839","page","type-page","status-publish","hentry"],"_links":{"self":[{"href":"https:\/\/www.tenutacastelvetri.it\/fr\/wp-json\/wp\/v2\/pages\/839\/"}],"collection":[{"href":"https:\/\/www.tenutacastelvetri.it\/fr\/wp-json\/wp\/v2\/pages\/"}],"about":[{"href":"https:\/\/www.tenutacastelvetri.it\/fr\/wp-json\/wp\/v2\/types\/page\/"}],"author":[{"embeddable":true,"href":"https:\/\/www.tenutacastelvetri.it\/fr\/wp-json\/wp\/v2\/users\/1\/"}],"replies":[{"embeddable":true,"href":"https:\/\/www.tenutacastelvetri.it\/fr\/wp-json\/wp\/v2\/comments\/?post=839"}],"version-history":[{"count":0,"href":"https:\/\/www.tenutacastelvetri.it\/fr\/wp-json\/wp\/v2\/pages\/839\/revisions\/"}],"wp:attachment":[{"href":"https:\/\/www.tenutacastelvetri.it\/fr\/wp-json\/wp\/v2\/media\/?parent=839"}],"curies":[{"name":"wp","href":"https:\/\/api.w.org\/{rel}","templated":true}]}}