{"id":874,"date":"2019-11-21T10:56:52","date_gmt":"2019-11-21T09:56:52","guid":{"rendered":"https:\/\/www.tenutacastelvetri.it\/?page_id=874"},"modified":"2019-11-21T10:56:52","modified_gmt":"2019-11-21T09:56:52","slug":"le-contexte","status":"publish","type":"page","link":"https:\/\/www.tenutacastelvetri.it\/fr\/le-contexte\/","title":{"rendered":"Le contexte"},"content":{"rendered":"<p>[vc_row][vc_column][rev_slider_vc alias=\u00a0\u00bble-contexte\u00a0\u00bb][\/vc_column][\/vc_row][vc_row][vc_column][vc_zigzag css=\u00a0\u00bb.vc_custom_1553181914594{padding-top: 40px !important;padding-bottom: 40px !important;}\u00a0\u00bb][\/vc_column][\/vc_row][vc_row][vc_column width=\u00a0\u00bb2\/3&Prime;][vc_column_text css=\u00a0\u00bb.vc_custom_1574260743050{padding-top: 20px !important;padding-right: 20px !important;padding-bottom: 20px !important;padding-left: 20px !important;}\u00a0\u00bb]Plus de 32 000 m\u00e8tres carr\u00e9s d&rsquo;histoire et de nature, articulation d&rsquo;une ancienne voie de commerce, au c\u0153ur des possessions du XVe si\u00e8cle :<br \/>\nLe pass\u00e9 mythique \u00e0 l&rsquo;origine de Tenuta Castelvetri, \u00e0 <strong>5 km des portes de Lecce<\/strong>.<\/p>\n<p>Tout autour, \u00e0 une courte distance, il y a de nombreux points d&rsquo;int\u00e9r\u00eat qui peuvent \u00eatre atteints en un rien de temps.<\/p>\n<p><strong>A\u00e9roports<\/strong><br \/>\nEn seulement 3 minutes, vous pouvez monter \u00e0 bord d&rsquo;un avion en visitant l&rsquo;a\u00e9roport Lecce-Lepore ou l&rsquo;a\u00e9rodrome pour ultral\u00e9gers dans la localit\u00e9 de Fondone.<br \/>\nPour les destinations plus lointaines, l&rsquo;a\u00e9roport de Brindisi-Casale est la solution id\u00e9ale pour cr\u00e9er une connexion rapide entre Tenuta et le reste du monde.<\/p>\n<p><strong>R\u00e9serves naturelles<\/strong><br \/>\n\u00c0 moins de 10 km, vous trouverez les r\u00e9serves d\u2019\u00c9tat de San Cataldo et des Cesine, toutes deux minutieusement entretenues et g\u00e9r\u00e9es par la section locale du WWF.<\/p>\n<p><strong>Destinations touristiques<\/strong><br \/>\nEnfin, les destinations touristiques \u00e0 proximit\u00e9 les plus importantes, telles que Otranto, Gallipoli, Santa Maria di Leuca, Torre dell&rsquo;Orso, San Foca et Porto Badisco ou encore Porto Cesareo, Punta Prosciutto et toutes les autres stations baln\u00e9aires n&rsquo;ont pas besoin d&rsquo;\u00eatre pr\u00e9sent\u00e9es et m\u00e9ritent certainement d&rsquo;\u00eatre visit\u00e9es.<\/p>\n<p><strong>La plus belle mer 2019.<\/strong><\/p>\n<p>Legambiente Onlus et Touring Club Italiano ont pr\u00e9sent\u00e9 le \u00ab\u00a0Guide bleu\u00a0\u00bb qui contient le meilleur de la mer et des lacs en Italie.<br \/>\nLes Pouilles sont au <strong>troisi\u00e8me<\/strong> rang du classement apr\u00e8s la Sicile et la Sardaigne.<br \/>\nCette ann\u00e9e, les <strong>\u00ab\u00a05 voiles\u00a0\u00bb<\/strong> flottent dans les districts suivants :<br \/>\n&#8211; Haut Salento Ionienne (Nard\u00f2, Gallipoli, Porto Cesareo, Racale) ;<br \/>\n&#8211; Haut Salento Adriatique (Melendugno, Otrante, Vernole) ;<br \/>\n&#8211; Parco degli Ulivi (Polignano a Mare, Ostuni, Monopoli, Fasano, Carovigno).<\/p>\n<p>Au total, 12 districts sont inclus dans le guide et, en plus des municipalit\u00e9s avec les 5 voiles, il y a les <strong>4 voiles<\/strong> qui sont attribu\u00e9es \u00e0 :<br \/>\n&#8211; Bas Salento Adriatique (Castro, Andrano, Diso, Tricase et Santa Cesarea Terme) ;<br \/>\n&#8211; Gargano Sud (Mattinata, Vieste, Monte Sant&rsquo;Angelo) ;<br \/>\n&#8211; Littoral de Taranto (Manduria, Maruggio, Pulsano) ;<br \/>\n&#8211; Les \u00eeles Tremiti.<\/p>\n<p>Les <strong>3 voiles<\/strong> vont \u00e0 :<br \/>\n&#8211; Bas Salento Ionienne (Salve, Ugento) ;<br \/>\n&#8211; Capo di Leuca (Pat\u00f9, Castrignano del Capo, Gagliano del Capo) ;<br \/>\n&#8211; Gargano Nord (Chieuti, Lesina, Peschici, Sannicandro Garganico, Ischitella, Rodi Garganico, Vico del Gargano);<br \/>\n&#8211; Golfe de Taranto (Ginosa et Castellaneta).<\/p>\n<p><strong>1 et 2 voiles<\/strong> vont \u00e0 :<br \/>\n&#8211; C\u00f4te des Pouilles imp\u00e9riales (Margherita di Savoia, Giovinazzo, Trani, Bisceglie)[\/vc_column_text][\/vc_column][vc_column width=\u00a0\u00bb1\/3&Prime;][dfd_single_image image=\u00a0\u00bb701&Prime;][dfd_single_image image=\u00a0\u00bb703&Prime;][dfd_single_image image=\u00a0\u00bb705&Prime;][\/vc_column][\/vc_row][vc_row css=\u00a0\u00bb.vc_custom_1554375559864{margin-bottom: 30px !important;padding-top: 40px !important;}\u00a0\u00bb][vc_column][dfd_simple_image_gallery module_animation=\u00a0\u00bbtransition.flipXIn\u00a0\u00bb dfd_layer_image=\u00a0\u00bb699,407,403,409,401,399,405,397,314,310,316,312,308,334,326,332&Prime; items_offset=\u00a0\u00bb10&Prime; image_width=\u00a0\u00bb900&Prime; image_height=\u00a0\u00bb600&Prime; slides_to_show=\u00a0\u00bb3&Prime; slides_to_scroll=\u00a0\u00bb1&Prime; carousel_slideshow_speed=\u00a0\u00bb3000&Prime; use_dots=\u00a0\u00bbshow\u00a0\u00bb images_style=\u00a0\u00bbcarousel\u00a0\u00bb][\/vc_column][\/vc_row][vc_row][vc_column][dfd_button button_text=\u00a0\u00bbCONTACTEZ-NOUS POUR LES CONDITIONS DE VENTE !\u00a0\u00bb select_icon=\u00a0\u00bbdfd_icons\u00a0\u00bb border=\u00a0\u00bbborder_style:solid|border_top_width:1|border_bottom_width:1|border_left_width:1|border_right_width:1|border_radius:0|border_color:%23837158&Prime; hover_border=\u00a0\u00bbborder_style:solid|border_top_width:1|border_bottom_width:1|border_left_width:1|border_right_width:1|border_radius:0|border_color:%23f1ebe8&Prime; main_style=\u00a0\u00bbstyle-2&Prime; ic_dfd_icons=\u00a0\u00bbdfd-socicon-exclamation-sign\u00a0\u00bb undefined=\u00a0\u00bb\u00a0\u00bb text_color=\u00a0\u00bb#f1ebe8&Prime; hover_text_color=\u00a0\u00bb#837158&Prime; background=\u00a0\u00bb#837158&Prime; hover_background=\u00a0\u00bb#f1ebe8&Prime; box_shadow=\u00a0\u00bbbox_shadow_enable:disable|shadow_horizontal:0|shadow_vertical:15|shadow_blur:50|shadow_spread:0|box_shadow_color:rgba(0%2C0%2C0%2C0.35)\u00a0\u00bb hover_box_shadow=\u00a0\u00bbbox_shadow_enable:disable|shadow_horizontal:0|shadow_vertical:15|shadow_blur:50|shadow_spread:0|box_shadow_color:rgba(0%2C0%2C0%2C0.35)\u00a0\u00bb buttom_link_src=\u00a0\u00bburl:http%3A%2F%2Fwww.tenutacastelvetri.it%2Fcontatti%2F|title:Contattaci||\u00a0\u00bb tutorials=\u00a0\u00bb\u00a0\u00bb][vc_zigzag css=\u00a0\u00bb.vc_custom_1554375571576{padding-top: 30px !important;padding-bottom: 40px !important;}\u00a0\u00bb][\/vc_column][\/vc_row]<\/p>\n","protected":false},"excerpt":{"rendered":"<p>[vc_row][vc_column][rev_slider_vc alias=\u00a0\u00bble-contexte\u00a0\u00bb][\/vc_column][\/vc_row][vc_row][vc_column][vc_zigzag css=\u00a0\u00bb.vc_custom_1553181914594{padding-top: 40px !important;padding-bottom: 40px !important;}\u00a0\u00bb][\/vc_column][\/vc_row][vc_row][vc_column width=\u00a0\u00bb2\/3&Prime;][vc_column_text css=\u00a0\u00bb.vc_custom_1574260743050{padding-top: 20px !important;padding-right: 20px !important;padding-bottom: 20px !important;padding-left: 20px !important;}\u00a0\u00bb]Plus de 32 000 m\u00e8tres carr\u00e9s d&rsquo;histoire et de nature, articulation d&rsquo;une ancienne voie<\/p>\n","protected":false},"author":1,"featured_media":0,"parent":0,"menu_order":0,"comment_status":"closed","ping_status":"closed","template":"tmp-page.php","meta":{"footnotes":""},"class_list":["post-874","page","type-page","status-publish","hentry"],"_links":{"self":[{"href":"https:\/\/www.tenutacastelvetri.it\/fr\/wp-json\/wp\/v2\/pages\/874\/"}],"collection":[{"href":"https:\/\/www.tenutacastelvetri.it\/fr\/wp-json\/wp\/v2\/pages\/"}],"about":[{"href":"https:\/\/www.tenutacastelvetri.it\/fr\/wp-json\/wp\/v2\/types\/page\/"}],"author":[{"embeddable":true,"href":"https:\/\/www.tenutacastelvetri.it\/fr\/wp-json\/wp\/v2\/users\/1\/"}],"replies":[{"embeddable":true,"href":"https:\/\/www.tenutacastelvetri.it\/fr\/wp-json\/wp\/v2\/comments\/?post=874"}],"version-history":[{"count":0,"href":"https:\/\/www.tenutacastelvetri.it\/fr\/wp-json\/wp\/v2\/pages\/874\/revisions\/"}],"wp:attachment":[{"href":"https:\/\/www.tenutacastelvetri.it\/fr\/wp-json\/wp\/v2\/media\/?parent=874"}],"curies":[{"name":"wp","href":"https:\/\/api.w.org\/{rel}","templated":true}]}}